{"id":1132,"date":"2022-11-09T10:25:23","date_gmt":"2022-11-09T15:25:23","guid":{"rendered":"https:\/\/mu-conseils.com\/quand-les-bonnes-intentions-ne-suffisent-pas\/"},"modified":"2023-04-21T09:12:58","modified_gmt":"2023-04-21T13:12:58","slug":"when-good-intentions-are-not-enough","status":"publish","type":"page","link":"https:\/\/mu-conseils.com\/en\/when-good-intentions-are-not-enough\/","title":{"rendered":"When good intentions are not enough"},"content":{"rendered":"<p>Force est d\u2019admettre que, dans le monde de l\u2019acceptabilit\u00e9 sociale, des projets discutables passent parfois comme dans du beurre \u00e0 coup de belles strat\u00e9gies de <em>civic washing<\/em>, alors que des projets qui ont pourtant un bon fond suscitent parfois la controverse faute de dialogue.<\/p>\n<p>Pour certains id\u00e9ateurs et id\u00e9atrices de projet, se lancer dans une d\u00e9marche de <strong>participation citoyenne<\/strong> ou m\u00eame de <strong>consultations<\/strong> \u00e0 petite \u00e9chelle, \u00e7a peut faire peur\u00a0: peur de perdre le contr\u00f4le, de cr\u00e9er des attentes, d\u2019allonger l\u2019\u00e9ch\u00e9ancier, d\u2019alourdir la facture, de donner une tribune additionnelle aux d\u00e9tracteurs, etc.<\/p>\n<p>Pour <a href=\"https:\/\/www.mu-conseils.com\/\" target=\"_blank\" rel=\"noopener noreferrer\">MU Conseils<\/a>, c\u2019est au contraire une occasion \u00e0 saisir, dont les promoteurs audacieux ne devraient jamais se priver. Une bonne d\u00e9marche de consultation d\u00e9ploy\u00e9e au bon moment permet de prendre les devants et de d\u00e9velopper un projet en phase avec son milieu d\u2019implantation.<\/p>\n<h4><strong>La crainte de perdre le contr\u00f4le de son projet ou de son image<\/strong><\/h4>\n<p>C\u2019est justement lorsqu\u2019aucune s\u00e9quence et aucun m\u00e9canisme de participation ne sont \u00e9tablis que l\u2019on risque le plus de perdre le contr\u00f4le, faute de moyens pour anticiper et canaliser les opinions qui seront in\u00e9vitablement \u00e9mises au sujet du projet. Une d\u00e9marche participative n\u2019est ni plus ni moins que la mise en place de conditions de succ\u00e8s pour coordonner un dialogue fructueux et constructif.<\/p>\n<h4><strong>La peur de cr\u00e9er et devoir g\u00e9rer des attentes<\/strong><\/h4>\n<p>Dans toute d\u00e9marche de participation publique, il y a assur\u00e9ment un pi\u00e8ge dans lequel il ne faut pas tomber, soit celui de g\u00e9n\u00e9rer des attentes auxquelles on ne pourrait r\u00e9pondre. La cl\u00e9 est de d\u00e9finir en amont le carr\u00e9 de sable et la marge de man\u0153uvre pour faire \u00e9voluer le projet. Le terrain devient alors fertile pour imaginer des compromis et, ultimement, d\u00e9finir un projet plus durable, connect\u00e9 avec le milieu et coh\u00e9rent avec la vision de d\u00e9veloppement du territoire.<\/p>\n<h4><strong>La phobie de renforcer la voix des d\u00e9tracteurs<\/strong><\/h4>\n<p>Soyons honn\u00eates! Il y aura toujours des personnes qui s\u2019opposeront \u00e0 un projet donn\u00e9. En revanche, sont souvent plus nombreuses encore les personnes quelque peu indiff\u00e9rentes ou peu inform\u00e9es sur le projet. En donnant les bons outils \u00e0 tout le monde pour s\u2019informer et s\u2019exprimer, les chances sont plus grandes de pouvoir s\u2019appuyer sur le pouls r\u00e9el de la population dans son ensemble. Le pi\u00e8ge? Ne pas \u00eatre assez inclusif et dynamique dans ses m\u00e9thodes et outils de communication pour rejoindre les diff\u00e9rents publics. Offrir une chance \u00e9gale \u00e0 tous et \u00e0 toutes de s\u2019exprimer, mais surtout<em> susciter l\u2019envie de le faire<\/em> est certainement un art.<\/p>\n<h4><strong>\u00ab\u00a0Oui, mais je n\u2019ai besoin de l\u2019avis de personne, je suis en r\u00e8gle et je fais du d\u00e9veloppement\u2026\u00a0\u00bb<\/strong><\/h4>\n<p>Peut-\u00eatre! Cependant, se priver de l\u2019avis de la communaut\u00e9, c\u2019est une opportunit\u00e9 manqu\u00e9e de d\u00e9cupler l\u2019impact positif du projet et de se positionner comme un acteur proactif, responsable et innovant, qui ose faire les choses autrement.<\/p>\n<h4><strong>\u00ab\u00a0Oui, mais, de toute fa\u00e7on, j\u2019ai d\u00e9j\u00e0 pens\u00e9 \u00e0 tout et mon projet est exemplaire\u2026\u00a0\u00bb<\/strong><\/h4>\n<p>Merveilleux! Un projet mod\u00e8le ne va-t-il justement pas au-del\u00e0 du concept lui-m\u00eame, mais bien jusque dans la fa\u00e7on dont il est implant\u00e9 et dont il perdure dans le temps? De plus, qui dit que le milieu d\u2019accueil valorise les m\u00eames crit\u00e8res d\u2019exemplarit\u00e9 que ceux retenus par le promoteur du projet? Investir l\u2019\u00e9nergie dans un projet durable et en ad\u00e9quation avec son milieu, n\u2019est-ce pas ce qui est vraiment exemplaire?<\/p>\n<h4><strong>\u00ab\u00a0Oui, mais j\u2019ai d\u00e9j\u00e0 une forte adh\u00e9sion autour de mon projet, \u00e0 quoi bon\u2026\u00a0\u00bb<\/strong><\/h4>\n<p>La controverse n\u2019est pas la seule raison qui devrait d\u00e9clencher le go\u00fbt pour la population de s\u2019impliquer dans un projet. Permettre la participation publique \u00e0 une \u00e9tape h\u00e2tive du processus de d\u00e9veloppement d\u2019un projet favorise le sentiment d\u2019appartenance et de fiert\u00e9, ainsi que le d\u00e9sir d\u2019y collaborer. Les consultations sont parfois vues comme une longue \u00e9tape de plus dans un \u00e9ch\u00e9ancier souvent bien charg\u00e9. Or lorsque c\u2019est bien fait, les \u00e9tapes qui suivent peuvent se d\u00e9ployer plus vite, car les parties prenantes sont mobilis\u00e9es dans le bon sens.<\/p>\n<p>La conclusion est la suivante\u00a0: le <strong>dialogue<\/strong> est toujours une cl\u00e9 qui ouvrira bien des portes si on se donne les moyens de le lancer sur de bonnes bases, au bon moment, de la bonne fa\u00e7on. On s\u2019appelle et on en jase?<\/p>\n","protected":false},"excerpt":{"rendered":"<p>Force est d\u2019admettre que, dans le monde de l\u2019acceptabilit\u00e9 sociale, des projets discutables passent parfois comme dans du beurre \u00e0 coup de belles strat\u00e9gies de civic washing, alors que des projets qui ont pourtant un bon fond suscitent parfois la controverse faute de dialogue. Pour certains id\u00e9ateurs et id\u00e9atrices de projet, se lancer dans une [&hellip;]<\/p>\n","protected":false},"author":2,"featured_media":1101,"parent":0,"menu_order":11,"comment_status":"closed","ping_status":"closed","template":"","meta":{"footnotes":""},"class_list":["post-1132","page","type-page","status-publish","has-post-thumbnail","hentry"],"yoast_head":"<!-- This site is optimized with the Yoast SEO plugin v25.1 - https:\/\/yoast.com\/wordpress\/plugins\/seo\/ -->\n<title>When good intentions are not enough - MU Conseils<\/title>\n<meta name=\"description\" content=\"Dans le monde de l\u2019acceptabilit\u00e9 sociale, des projets qui ont pourtant un bon fond suscitent parfois la controverse faute de dialogue.\" \/>\n<meta name=\"robots\" content=\"index, follow, max-snippet:-1, max-image-preview:large, max-video-preview:-1\" \/>\n<link rel=\"canonical\" href=\"https:\/\/mu-conseils.com\/en\/when-good-intentions-are-not-enough\/\" \/>\n<meta property=\"og:locale\" content=\"en_US\" \/>\n<meta property=\"og:type\" content=\"article\" \/>\n<meta property=\"og:title\" content=\"When good intentions are not enough - MU Conseils\" \/>\n<meta property=\"og:description\" content=\"Dans le monde de l\u2019acceptabilit\u00e9 sociale, des projets qui ont pourtant un bon fond suscitent parfois la controverse faute de dialogue.\" \/>\n<meta property=\"og:url\" content=\"https:\/\/mu-conseils.com\/en\/when-good-intentions-are-not-enough\/\" \/>\n<meta property=\"og:site_name\" content=\"MU Conseils\" \/>\n<meta property=\"article:publisher\" content=\"https:\/\/www.facebook.com\/RMBMU\/\" \/>\n<meta property=\"article:modified_time\" content=\"2023-04-21T13:12:58+00:00\" \/>\n<meta property=\"og:image\" content=\"https:\/\/mu-conseils.com\/wp-content\/uploads\/2022\/11\/visuel.png\" \/>\n\t<meta property=\"og:image:width\" content=\"940\" \/>\n\t<meta property=\"og:image:height\" content=\"788\" \/>\n\t<meta property=\"og:image:type\" content=\"image\/png\" \/>\n<meta name=\"twitter:card\" content=\"summary_large_image\" \/>\n<meta name=\"twitter:label1\" content=\"Est. reading time\" \/>\n\t<meta name=\"twitter:data1\" content=\"4 minutes\" \/>\n<script type=\"application\/ld+json\" class=\"yoast-schema-graph\">{\"@context\":\"https:\/\/schema.org\",\"@graph\":[{\"@type\":\"WebPage\",\"@id\":\"https:\/\/mu-conseils.com\/en\/when-good-intentions-are-not-enough\/\",\"url\":\"https:\/\/mu-conseils.com\/en\/when-good-intentions-are-not-enough\/\",\"name\":\"When good intentions are not enough - MU Conseils\",\"isPartOf\":{\"@id\":\"https:\/\/mu-conseils.com\/en\/#website\"},\"primaryImageOfPage\":{\"@id\":\"https:\/\/mu-conseils.com\/en\/when-good-intentions-are-not-enough\/#primaryimage\"},\"image\":{\"@id\":\"https:\/\/mu-conseils.com\/en\/when-good-intentions-are-not-enough\/#primaryimage\"},\"thumbnailUrl\":\"https:\/\/mu-conseils.com\/wp-content\/uploads\/2022\/11\/visuel.png\",\"datePublished\":\"2022-11-09T15:25:23+00:00\",\"dateModified\":\"2023-04-21T13:12:58+00:00\",\"description\":\"Dans le monde de l\u2019acceptabilit\u00e9 sociale, des projets qui ont pourtant un bon fond suscitent parfois la controverse faute de dialogue.\",\"breadcrumb\":{\"@id\":\"https:\/\/mu-conseils.com\/en\/when-good-intentions-are-not-enough\/#breadcrumb\"},\"inLanguage\":\"en-US\",\"potentialAction\":[{\"@type\":\"ReadAction\",\"target\":[\"https:\/\/mu-conseils.com\/en\/when-good-intentions-are-not-enough\/\"]}]},{\"@type\":\"ImageObject\",\"inLanguage\":\"en-US\",\"@id\":\"https:\/\/mu-conseils.com\/en\/when-good-intentions-are-not-enough\/#primaryimage\",\"url\":\"https:\/\/mu-conseils.com\/wp-content\/uploads\/2022\/11\/visuel.png\",\"contentUrl\":\"https:\/\/mu-conseils.com\/wp-content\/uploads\/2022\/11\/visuel.png\",\"width\":940,\"height\":788},{\"@type\":\"BreadcrumbList\",\"@id\":\"https:\/\/mu-conseils.com\/en\/when-good-intentions-are-not-enough\/#breadcrumb\",\"itemListElement\":[{\"@type\":\"ListItem\",\"position\":1,\"name\":\"Home\",\"item\":\"https:\/\/mu-conseils.com\/en\/\"},{\"@type\":\"ListItem\",\"position\":2,\"name\":\"When good intentions are not enough\"}]},{\"@type\":\"WebSite\",\"@id\":\"https:\/\/mu-conseils.com\/en\/#website\",\"url\":\"https:\/\/mu-conseils.com\/en\/\",\"name\":\"MU Conseils\",\"description\":\"Un regard panoramique sur votre impact\",\"publisher\":{\"@id\":\"https:\/\/mu-conseils.com\/en\/#organization\"},\"potentialAction\":[{\"@type\":\"SearchAction\",\"target\":{\"@type\":\"EntryPoint\",\"urlTemplate\":\"https:\/\/mu-conseils.com\/en\/?s={search_term_string}\"},\"query-input\":{\"@type\":\"PropertyValueSpecification\",\"valueRequired\":true,\"valueName\":\"search_term_string\"}}],\"inLanguage\":\"en-US\"},{\"@type\":\"Organization\",\"@id\":\"https:\/\/mu-conseils.com\/en\/#organization\",\"name\":\"Mu Conseils\",\"url\":\"https:\/\/mu-conseils.com\/en\/\",\"logo\":{\"@type\":\"ImageObject\",\"inLanguage\":\"en-US\",\"@id\":\"https:\/\/mu-conseils.com\/en\/#\/schema\/logo\/image\/\",\"url\":\"https:\/\/www.mu-conseils.com\/wp-content\/uploads\/2020\/06\/logo.png\",\"contentUrl\":\"https:\/\/www.mu-conseils.com\/wp-content\/uploads\/2020\/06\/logo.png\",\"width\":198,\"height\":198,\"caption\":\"Mu Conseils\"},\"image\":{\"@id\":\"https:\/\/mu-conseils.com\/en\/#\/schema\/logo\/image\/\"},\"sameAs\":[\"https:\/\/www.facebook.com\/RMBMU\/\",\"https:\/\/www.linkedin.com\/company\/mu-conseils\"]}]}<\/script>\n<!-- \/ Yoast SEO plugin. -->","yoast_head_json":{"title":"When good intentions are not enough - MU Conseils","description":"Dans le monde de l\u2019acceptabilit\u00e9 sociale, des projets qui ont pourtant un bon fond suscitent parfois la controverse faute de dialogue.","robots":{"index":"index","follow":"follow","max-snippet":"max-snippet:-1","max-image-preview":"max-image-preview:large","max-video-preview":"max-video-preview:-1"},"canonical":"https:\/\/mu-conseils.com\/en\/when-good-intentions-are-not-enough\/","og_locale":"en_US","og_type":"article","og_title":"When good intentions are not enough - MU Conseils","og_description":"Dans le monde de l\u2019acceptabilit\u00e9 sociale, des projets qui ont pourtant un bon fond suscitent parfois la controverse faute de dialogue.","og_url":"https:\/\/mu-conseils.com\/en\/when-good-intentions-are-not-enough\/","og_site_name":"MU Conseils","article_publisher":"https:\/\/www.facebook.com\/RMBMU\/","article_modified_time":"2023-04-21T13:12:58+00:00","og_image":[{"width":940,"height":788,"url":"https:\/\/mu-conseils.com\/wp-content\/uploads\/2022\/11\/visuel.png","type":"image\/png"}],"twitter_card":"summary_large_image","twitter_misc":{"Est. reading time":"4 minutes"},"schema":{"@context":"https:\/\/schema.org","@graph":[{"@type":"WebPage","@id":"https:\/\/mu-conseils.com\/en\/when-good-intentions-are-not-enough\/","url":"https:\/\/mu-conseils.com\/en\/when-good-intentions-are-not-enough\/","name":"When good intentions are not enough - MU Conseils","isPartOf":{"@id":"https:\/\/mu-conseils.com\/en\/#website"},"primaryImageOfPage":{"@id":"https:\/\/mu-conseils.com\/en\/when-good-intentions-are-not-enough\/#primaryimage"},"image":{"@id":"https:\/\/mu-conseils.com\/en\/when-good-intentions-are-not-enough\/#primaryimage"},"thumbnailUrl":"https:\/\/mu-conseils.com\/wp-content\/uploads\/2022\/11\/visuel.png","datePublished":"2022-11-09T15:25:23+00:00","dateModified":"2023-04-21T13:12:58+00:00","description":"Dans le monde de l\u2019acceptabilit\u00e9 sociale, des projets qui ont pourtant un bon fond suscitent parfois la controverse faute de dialogue.","breadcrumb":{"@id":"https:\/\/mu-conseils.com\/en\/when-good-intentions-are-not-enough\/#breadcrumb"},"inLanguage":"en-US","potentialAction":[{"@type":"ReadAction","target":["https:\/\/mu-conseils.com\/en\/when-good-intentions-are-not-enough\/"]}]},{"@type":"ImageObject","inLanguage":"en-US","@id":"https:\/\/mu-conseils.com\/en\/when-good-intentions-are-not-enough\/#primaryimage","url":"https:\/\/mu-conseils.com\/wp-content\/uploads\/2022\/11\/visuel.png","contentUrl":"https:\/\/mu-conseils.com\/wp-content\/uploads\/2022\/11\/visuel.png","width":940,"height":788},{"@type":"BreadcrumbList","@id":"https:\/\/mu-conseils.com\/en\/when-good-intentions-are-not-enough\/#breadcrumb","itemListElement":[{"@type":"ListItem","position":1,"name":"Home","item":"https:\/\/mu-conseils.com\/en\/"},{"@type":"ListItem","position":2,"name":"When good intentions are not enough"}]},{"@type":"WebSite","@id":"https:\/\/mu-conseils.com\/en\/#website","url":"https:\/\/mu-conseils.com\/en\/","name":"MU Conseils","description":"Un regard panoramique sur votre impact","publisher":{"@id":"https:\/\/mu-conseils.com\/en\/#organization"},"potentialAction":[{"@type":"SearchAction","target":{"@type":"EntryPoint","urlTemplate":"https:\/\/mu-conseils.com\/en\/?s={search_term_string}"},"query-input":{"@type":"PropertyValueSpecification","valueRequired":true,"valueName":"search_term_string"}}],"inLanguage":"en-US"},{"@type":"Organization","@id":"https:\/\/mu-conseils.com\/en\/#organization","name":"Mu Conseils","url":"https:\/\/mu-conseils.com\/en\/","logo":{"@type":"ImageObject","inLanguage":"en-US","@id":"https:\/\/mu-conseils.com\/en\/#\/schema\/logo\/image\/","url":"https:\/\/www.mu-conseils.com\/wp-content\/uploads\/2020\/06\/logo.png","contentUrl":"https:\/\/www.mu-conseils.com\/wp-content\/uploads\/2020\/06\/logo.png","width":198,"height":198,"caption":"Mu Conseils"},"image":{"@id":"https:\/\/mu-conseils.com\/en\/#\/schema\/logo\/image\/"},"sameAs":["https:\/\/www.facebook.com\/RMBMU\/","https:\/\/www.linkedin.com\/company\/mu-conseils"]}]}},"_links":{"self":[{"href":"https:\/\/mu-conseils.com\/en\/wp-json\/wp\/v2\/pages\/1132"}],"collection":[{"href":"https:\/\/mu-conseils.com\/en\/wp-json\/wp\/v2\/pages"}],"about":[{"href":"https:\/\/mu-conseils.com\/en\/wp-json\/wp\/v2\/types\/page"}],"author":[{"embeddable":true,"href":"https:\/\/mu-conseils.com\/en\/wp-json\/wp\/v2\/users\/2"}],"replies":[{"embeddable":true,"href":"https:\/\/mu-conseils.com\/en\/wp-json\/wp\/v2\/comments?post=1132"}],"version-history":[{"count":3,"href":"https:\/\/mu-conseils.com\/en\/wp-json\/wp\/v2\/pages\/1132\/revisions"}],"predecessor-version":[{"id":1225,"href":"https:\/\/mu-conseils.com\/en\/wp-json\/wp\/v2\/pages\/1132\/revisions\/1225"}],"wp:featuredmedia":[{"embeddable":true,"href":"https:\/\/mu-conseils.com\/en\/wp-json\/wp\/v2\/media\/1101"}],"wp:attachment":[{"href":"https:\/\/mu-conseils.com\/en\/wp-json\/wp\/v2\/media?parent=1132"}],"curies":[{"name":"wp","href":"https:\/\/api.w.org\/{rel}","templated":true}]}}